{"id":143,"date":"2022-11-02T05:45:06","date_gmt":"2022-11-02T05:45:06","guid":{"rendered":"http:\/\/t-tech.designgroup.az\/?page_id=143"},"modified":"2023-05-02T09:08:07","modified_gmt":"2023-05-02T09:08:07","slug":"about-us","status":"publish","type":"page","link":"https:\/\/t-tech.az\/az\/about-us\/","title":{"rendered":"Haqq\u0131m\u0131zda"},"content":{"rendered":"<div class=\"fusion-fullwidth fullwidth-box fusion-builder-row-1 fusion-flex-container has-pattern-background has-mask-background nonhundred-percent-fullwidth non-hundred-percent-height-scrolling\" style=\"background-color: rgba(255,255,255,0);background-position: center center;background-repeat: no-repeat;border-width: 0px 0px 0px 0px;border-color:var(--awb-color3);border-style:solid;\" ><div class=\"fusion-builder-row fusion-row fusion-flex-align-items-flex-start\" style=\"max-width:1560px;margin-left: calc(-4% \/ 2 );margin-right: calc(-4% \/ 2 );\"><div class=\"fusion-layout-column fusion_builder_column fusion-builder-column-0 fusion_builder_column_1_1 1_1 fusion-flex-column\"><div class=\"fusion-column-wrapper fusion-flex-justify-content-flex-start fusion-content-layout-column\" style=\"background-position:left top;background-repeat:no-repeat;-webkit-background-size:cover;-moz-background-size:cover;-o-background-size:cover;background-size:cover;padding: 0px 0px 0px 0px;\"><div class=\"fusion-text fusion-text-1\"><p><strong>\u018fsas faktlar<\/strong><\/p>\n<p>2015-ci ild\u0259 t\u0259sis edildiyi g\u00fcnd\u0259n T-TECH Az\u0259rbaycanda bir \u00e7ox biznes sah\u0259l\u0259rin\u0259 y\u00fcks\u0259k s\u0259viyy\u0259li telekommunikasiya h\u0259ll\u0259ri t\u0259qdim edir. T-TECH IT xidm\u0259tl\u0259rinin g\u00f6st\u0259rilm\u0259si, sistem inteqrasiyas\u0131, IT audit v\u0259 konsultasiya, layih\u0259l\u0259rin idar\u0259 edilm\u0259si, m\u0259lumat m\u0259rk\u0259zi obyektl\u0259rinin h\u0259lli, IT aktivl\u0259rinin t\u0259chizat\u0131 v\u0259 qura\u015fd\u0131r\u0131lmas\u0131, CCTV v\u0259 giri\u015f\u0259 n\u0259zar\u0259t sisteml\u0259ri, proqram t\u0259minat\u0131n\u0131n haz\u0131rlanmas\u0131, ictimai elan sisteml\u0259ri, yan\u011f\u0131n siqnalizasiya v\u0259 m\u00fchafiz\u0259 sisteml\u0259ri \u00fczr\u0259 ixtisasla\u015fm\u0131\u015fd\u0131r. B\u00f6y\u00fck t\u0259cr\u00fcb\u0259 v\u0259 texniki t\u0259cr\u00fcb\u0259d\u0259n istifad\u0259 ed\u0259r\u0259k, T-TECH geni\u015f \u00e7e\u015fidd\u0259 IT v\u0259 Telekommunikasiya xidm\u0259tl\u0259ri v\u0259 m\u0259hsullar\u0131 t\u0259klif ed\u0259 bilir. T\u0259klif olunan xidm\u0259tl\u0259r strukturla\u015fd\u0131r\u0131lm\u0131\u015f v\u0259 fiber optik kabel sisteml\u0259rinin dizayn\u0131ndan tutmu\u015f s\u0259sli rabit\u0259 sisteml\u0259rin\u0259, o c\u00fcml\u0259d\u0259n \u0259sas\u0259n telekommunikasiya sah\u0259sind\u0259 biznesl\u0259r\u0259 t\u0259klif olunan audio v\u0259 video konfrans sisteml\u0259rin\u0259 q\u0259d\u0259r d\u0259yi\u015fir.<\/p>\n<p>\u015eirk\u0259tin haz\u0131rk\u0131 \u015f\u00fcar\u0131 bel\u0259dir:<\/p>\n<p><strong>&#8220;T-TECH: Do\u011fru Texnologiya&#8221;.<\/strong><\/p>\n<p>\u015eirk\u0259tin insan resurslar\u0131 50-d\u0259n \u00e7ox ixtisasl\u0131 m\u00fct\u0259x\u0259ssisd\u0259n ibar\u0259tdir v\u0259 onlar\u0131n pe\u015f\u0259kar s\u0259ri\u015ft\u0259si Az\u0259rbaycanda nadir sertifikatlar da daxil olmaqla sertifikatlarla t\u0259sdiql\u0259nir.<\/p>\n<p><strong>Korporativ strategiya<\/strong><\/p>\n<p>\u015eirk\u0259tin biznes inki\u015faf\u0131n\u0131n \u0259sas istiqam\u0259ti m\u00fc\u015ft\u0259ril\u0259rin\u0259 y\u00fcks\u0259k s\u0259viyy\u0259li IT xidm\u0259tl\u0259rinin t\u0259qdim edilm\u0259sidir. T-TECH \u015firk\u0259ti infrastruktur layih\u0259l\u0259rinin podrat\u00e7\u0131s\u0131ndan xidm\u0259t IT-\u015firk\u0259tin\u0259 v\u0259 universal sistem inteqratoruna \u00e7evrilm\u0259y\u0259 davam edir. Biz Cisco, Microsoft, Oracle, IBM, Siemens AG, HPE, Huawei, AVAYA v\u0259 s. kimi apar\u0131c\u0131 beyn\u0259lxalq proqram v\u0259 avadanl\u0131q t\u0259chizat\u00e7\u0131lar\u0131 il\u0259 \u0259m\u0259kda\u015fl\u0131q edirik. Multibrend yana\u015fma T-TECH-\u0259 biznes \u00fc\u00e7\u00fcn IT inki\u015faf\u0131n\u0131n b\u00fct\u00fcn sah\u0259l\u0259ri \u00fc\u00e7\u00fcn h\u0259ll\u0259r t\u0259klif etm\u0259y\u0259 imkan verir. M\u00fcmk\u00fcn q\u0259d\u0259r h\u0259r bir m\u00fc\u015ft\u0259ri f\u0259aliyy\u0259tinin spesifik xarakterini n\u0259z\u0259r\u0259 almaq \u0259sas prinsipimizdir.<\/p>\n<p>T-TECH-in m\u00fc\u015ft\u0259ril\u0259ri telekommunikasiya operatorlar\u0131, s\u0131\u011forta \u015firk\u0259tl\u0259ri, d\u00f6vl\u0259t agentlikl\u0259ri v\u0259 r\u0259smi qurumlard\u0131r. \u015eirk\u0259t IT xidm\u0259tl\u0259rinin g\u00f6st\u0259rilm\u0259si \u00fc\u00e7\u00fcn \u00f6z infrastrukturunu daim inki\u015faf etdirir. T-TECH m\u00fct\u0259x\u0259ssisl\u0259ri IT-autsorsinq, Biznes K\u0259\u015ffiyyat\u0131 v\u0259 idar\u0259etm\u0259 konsaltinqi, enerji v\u0259 kommunikasiya sisteml\u0259ri daxil olmaqla bir s\u0131ra biznes sah\u0259l\u0259rini u\u011furla inki\u015faf etdirirl\u0259r. Bizim yax\u0131n g\u0259l\u0259c\u0259k \u00fc\u00e7\u00fcn korporativ strategiyam\u0131z ondan ibar\u0259tdir ki, biz Az\u0259rbaycan bazar\u0131, el\u0259c\u0259 d\u0259 b\u00fct\u00fcn region \u00fc\u00e7\u00fcn qabaqc\u0131l, innovativ v\u0259 inteqrasiya olunmu\u015f h\u0259ll\u0259rin t\u0259qdim edilm\u0259sind\u0259 lider olmaq ist\u0259yirik.<\/p>\n<p><strong>Korporativ f\u0259ls\u0259f\u0259<\/strong><\/p>\n<p>\u015eirk\u0259t bazar\u0131n b\u00fct\u00fcn \u00fczvl\u0259ri il\u0259 etibarl\u0131, \u015f\u0259ffaf \u0259laq\u0259l\u0259r qurur v\u0259 etibarl\u0131 biznes t\u0259r\u0259fda\u015f\u0131 kimi g\u00fccl\u00fc T-TECH brendinin yarad\u0131lmas\u0131 istiqam\u0259tind\u0259 ir\u0259lil\u0259yir. Biz informasiya v\u0259 telekommunikasiya bazar\u0131nda q\u00fcsursuz i\u015fg\u00fczar n\u00fcfuzumuzu, el\u0259c\u0259 d\u0259 m\u00fc\u015ft\u0259ri etimad\u0131m\u0131z\u0131, pe\u015f\u0259kar icma \u00fczvl\u0259rinin laz\u0131mi h\u00f6rm\u0259tini y\u00fcks\u0259k qiym\u0259tl\u0259ndiririk.<\/p>\n<p>\u015eirk\u0259tin h\u0259yata ke\u00e7irdiyi irimiqyasl\u0131 planlar\u0131 y\u00fcks\u0259k haz\u0131rl\u0131ql\u0131 m\u00fct\u0259x\u0259ssisl\u0259r olmadan h\u0259yata ke\u00e7irm\u0259k m\u00fcmk\u00fcn deyil. T-TECH-in birl\u0259\u015fmi\u015f komandas\u0131na &#8211; adekvat g\u0259lirl\u0259 t\u0259min olunmu\u015f v\u0259 kompulsiv i\u015f \u015f\u0259raitind\u0259 d\u00fczg\u00fcn istirah\u0259t \u00fc\u00e7\u00fcn h\u0259r c\u00fcr \u015f\u0259raiti olan, h\u0259m\u00e7inin pe\u015f\u0259kar s\u0259viyy\u0259d\u0259 ir\u0259lil\u0259m\u0259k, korporativ pill\u0259k\u0259nl\u0259ri y\u00fcks\u0259ltm\u0259k imkanlar\u0131 yarad\u0131lan IT m\u00fct\u0259x\u0259ssisl\u0259r v\u0259 yeni m\u0259zunlar daxildir.<\/p>\n<\/div><\/div><style type=\"text\/css\">.fusion-body .fusion-builder-column-0{width:100% !important;margin-top : 0px;margin-bottom : 20px;}.fusion-builder-column-0 > .fusion-column-wrapper {padding-top : 0px !important;padding-right : 0px !important;margin-right : 1.92%;padding-bottom : 0px !important;padding-left : 0px !important;margin-left : 1.92%;}@media only screen and (max-width:1024px) {.fusion-body .fusion-builder-column-0{width:100% !important;order : 0;}.fusion-builder-column-0 > .fusion-column-wrapper {margin-right : 1.92%;margin-left : 1.92%;}}@media only screen and (max-width:640px) {.fusion-body .fusion-builder-column-0{width:100% !important;order : 0;}.fusion-builder-column-0 > .fusion-column-wrapper {margin-right : 1.92%;margin-left : 1.92%;}}<\/style><\/div><\/div><style type=\"text\/css\">.fusion-body .fusion-flex-container.fusion-builder-row-1{ padding-top : 0px;margin-top : 0px;padding-right : 0px;padding-bottom : 0px;margin-bottom : 0px;padding-left : 0px;}<\/style><\/div>\n","protected":false},"excerpt":{"rendered":"","protected":false},"author":1,"featured_media":0,"parent":0,"menu_order":0,"comment_status":"closed","ping_status":"closed","template":"100-width.php","meta":{"footnotes":""},"class_list":["post-143","page","type-page","status-publish","hentry"],"_links":{"self":[{"href":"https:\/\/t-tech.az\/az\/wp-json\/wp\/v2\/pages\/143","targetHints":{"allow":["GET"]}}],"collection":[{"href":"https:\/\/t-tech.az\/az\/wp-json\/wp\/v2\/pages"}],"about":[{"href":"https:\/\/t-tech.az\/az\/wp-json\/wp\/v2\/types\/page"}],"author":[{"embeddable":true,"href":"https:\/\/t-tech.az\/az\/wp-json\/wp\/v2\/users\/1"}],"replies":[{"embeddable":true,"href":"https:\/\/t-tech.az\/az\/wp-json\/wp\/v2\/comments?post=143"}],"version-history":[{"count":11,"href":"https:\/\/t-tech.az\/az\/wp-json\/wp\/v2\/pages\/143\/revisions"}],"predecessor-version":[{"id":474,"href":"https:\/\/t-tech.az\/az\/wp-json\/wp\/v2\/pages\/143\/revisions\/474"}],"wp:attachment":[{"href":"https:\/\/t-tech.az\/az\/wp-json\/wp\/v2\/media?parent=143"}],"curies":[{"name":"wp","href":"https:\/\/api.w.org\/{rel}","templated":true}]}}