{"id":157,"date":"2022-11-02T05:48:40","date_gmt":"2022-11-02T05:48:40","guid":{"rendered":"http:\/\/t-tech.designgroup.az\/?page_id=157"},"modified":"2023-05-02T09:13:08","modified_gmt":"2023-05-02T09:13:08","slug":"environmental-policy","status":"publish","type":"page","link":"https:\/\/t-tech.az\/az\/environmental-policy\/","title":{"rendered":"Ekoloji Siyas\u0259t"},"content":{"rendered":"<div class=\"fusion-fullwidth fullwidth-box fusion-builder-row-1 fusion-flex-container has-pattern-background has-mask-background nonhundred-percent-fullwidth non-hundred-percent-height-scrolling\" style=\"background-color: rgba(255,255,255,0);background-position: center center;background-repeat: no-repeat;border-width: 0px 0px 0px 0px;border-color:var(--awb-color3);border-style:solid;\" ><div class=\"fusion-builder-row fusion-row fusion-flex-align-items-flex-start\" style=\"max-width:1560px;margin-left: calc(-4% \/ 2 );margin-right: calc(-4% \/ 2 );\"><div class=\"fusion-layout-column fusion_builder_column fusion-builder-column-0 fusion_builder_column_1_1 1_1 fusion-flex-column\"><div class=\"fusion-column-wrapper fusion-flex-justify-content-flex-start fusion-content-layout-column\" style=\"background-position:left top;background-repeat:no-repeat;-webkit-background-size:cover;-moz-background-size:cover;-o-background-size:cover;background-size:cover;padding: 0px 0px 0px 0px;\"><div class=\"fusion-text fusion-text-1\"><h3>Ekoloji Siyas\u0259t<\/h3>\n<div class=\"content\">\n<p>T-TECH QSC Az\u0259rbaycan Respublikas\u0131n\u0131n \u0259razisind\u0259 f\u0259aliyy\u0259t g\u00f6st\u0259r\u0259n telekommunikasiya m\u00fch\u0259ndisliyi \u015firk\u0259tidir. Layih\u0259l\u0259rimizin dizayn\u0131, planla\u015fd\u0131r\u0131lmas\u0131 v\u0259 icras\u0131 zaman\u0131 biz f\u0259aliyy\u0259timizi \u0259traf m\u00fchiti qorumaq \u015f\u0259rti \u0259sas\u0131nda h\u0259yata ke\u00e7irm\u0259y\u0259 m\u0259qs\u0259dliyik.<\/p>\n<p>Bu m\u0259qs\u0259dl\u0259 idar\u0259 hey\u0259timiz v\u0259 i\u015f\u00e7il\u0259r davaml\u0131 olaraq t\u0259kmill\u0259\u015fdirm\u0259y\u0259, \u00e7irkl\u0259nm\u0259nin qar\u015f\u0131s\u0131n\u0131n al\u0131nmas\u0131na, \u0259traf m\u00fchitin m\u00fchafiz\u0259sin\u0259 dair m\u00fcvafiq qanun v\u0259 qaydalara riay\u0259t edilm\u0259sin\u0259 \u00e7al\u0131\u015f\u0131rlar.<\/p>\n<p>\u018ftraf M\u00fchit Siyas\u0259ti \u015firk\u0259tin \u0259m\u0259liyyatlar\u0131n\u0131n ekoloji aspektl\u0259ri n\u0259z\u0259r\u0259 al\u0131nmaqla m\u00fc\u0259yy\u0259n edilmi\u015f m\u0259qs\u0259d v\u0259 h\u0259d\u0259fl\u0259r\u0259 uy\u011funlu\u011funu t\u0259min etm\u0259k \u00fc\u00e7\u00fcn m\u00fct\u0259madi olaraq n\u0259z\u0259rd\u0259n ke\u00e7irilir.<\/p>\n<p>\u0130dar\u0259 Hey\u0259timiz siyas\u0259ti \u00f6z i\u015f\u00e7il\u0259rin\u0259 v\u0259 subpodrat\u00e7\u0131lar\u0131na \u00e7atd\u0131racaq, onun asanl\u0131qla ba\u015fa d\u00fc\u015f\u00fclm\u0259sini t\u0259min etm\u0259y\u0259 \u00e7al\u0131\u015facaq.<\/p>\n<p>Siyas\u0259t m\u0259qs\u0259dl\u0259ri bunlard\u0131r:<\/p>\n<ul>\n<li>Resurslar\u0131n israf\u0131n\u0131 v\u0259 istehlak\u0131n\u0131 azaltmaq.<\/li>\n<li>\u00c7irkl\u0259nm\u0259 hallar\u0131n\u0131 azaltmaq v\u0259 ya aradan qald\u0131rmaq.<\/li>\n<li>Ekoloji m\u0259s\u0259l\u0259l\u0259rin m\u00fcnt\u0259z\u0259m olaraq n\u0259z\u0259rd\u0259n ke\u00e7irilm\u0259sini t\u0259min etm\u0259k.<\/li>\n<li>Problemli sah\u0259l\u0259r \u00fczr\u0259 yeni t\u0259\u015f\u0259bb\u00fcsl\u0259r \u00e7\u0259r\u00e7iv\u0259sind\u0259 b\u00fct\u00fcn planlar\u0131 t\u0259\u015fviq etm\u0259k<\/li>\n<li>\u0130\u015f\u00e7il\u0259rimiz\u0259 v\u0259 subpodrat\u00e7\u0131lar\u0131m\u0131za m\u00fcvafiq s\u0259viyy\u0259d\u0259 t\u0259lim verm\u0259k.<\/li>\n<\/ul>\n<p>B\u00fct\u00fcn m\u0259rh\u0259l\u0259l\u0259rd\u0259 T-TECH QSC m\u00fc\u015ft\u0259ril\u0259r\u0259 h\u0259m\u00e7inin dig\u0259r maraql\u0131 t\u0259r\u0259fl\u0259r\u0259 \u0259traf m\u00fchit\u0259 uy\u011fun i\u015f v\u0259 materiallarla i\u015fl\u0259m\u0259 \u00fcsullar\u0131na nail olmaq \u00fc\u00e7\u00fcn m\u0259sl\u0259h\u0259t \u0259sas\u0131nda \u0259m\u0259kda\u015fl\u0131q etm\u0259y\u0259 \u00e7al\u0131\u015facaq.<\/p>\n<p>T-TECH QSC\u00a0 subpodrat\u00e7\u0131lar\u0131n\u0131 v\u0259 t\u0259chizat\u00e7\u0131lar\u0131n\u0131 ox\u015far siyas\u0259t v\u0259 m\u0259qs\u0259dl\u0259ri q\u0259bul etm\u0259y\u0259 t\u0259\u015fviq ed\u0259c\u0259k.<\/p>\n<blockquote>\n<p><strong>N\u0259rmin\u0259 \u018fl\u0259kb\u0259rzad\u0259<\/strong><\/p>\n<p><strong>Direktor<\/strong><\/p>\n<\/blockquote>\n<\/div>\n<\/div><\/div><style type=\"text\/css\">.fusion-body .fusion-builder-column-0{width:100% !important;margin-top : 0px;margin-bottom : 20px;}.fusion-builder-column-0 > .fusion-column-wrapper {padding-top : 0px !important;padding-right : 0px !important;margin-right : 1.92%;padding-bottom : 0px !important;padding-left : 0px !important;margin-left : 1.92%;}@media only screen and (max-width:1024px) {.fusion-body .fusion-builder-column-0{width:100% !important;order : 0;}.fusion-builder-column-0 > .fusion-column-wrapper {margin-right : 1.92%;margin-left : 1.92%;}}@media only screen and (max-width:640px) {.fusion-body .fusion-builder-column-0{width:100% !important;order : 0;}.fusion-builder-column-0 > .fusion-column-wrapper {margin-right : 1.92%;margin-left : 1.92%;}}<\/style><\/div><\/div><style type=\"text\/css\">.fusion-body .fusion-flex-container.fusion-builder-row-1{ padding-top : 0px;margin-top : 0px;padding-right : 0px;padding-bottom : 0px;margin-bottom : 0px;padding-left : 0px;}<\/style><\/div>\n","protected":false},"excerpt":{"rendered":"","protected":false},"author":1,"featured_media":0,"parent":0,"menu_order":0,"comment_status":"closed","ping_status":"closed","template":"100-width.php","meta":{"footnotes":""},"class_list":["post-157","page","type-page","status-publish","hentry"],"_links":{"self":[{"href":"https:\/\/t-tech.az\/az\/wp-json\/wp\/v2\/pages\/157","targetHints":{"allow":["GET"]}}],"collection":[{"href":"https:\/\/t-tech.az\/az\/wp-json\/wp\/v2\/pages"}],"about":[{"href":"https:\/\/t-tech.az\/az\/wp-json\/wp\/v2\/types\/page"}],"author":[{"embeddable":true,"href":"https:\/\/t-tech.az\/az\/wp-json\/wp\/v2\/users\/1"}],"replies":[{"embeddable":true,"href":"https:\/\/t-tech.az\/az\/wp-json\/wp\/v2\/comments?post=157"}],"version-history":[{"count":11,"href":"https:\/\/t-tech.az\/az\/wp-json\/wp\/v2\/pages\/157\/revisions"}],"predecessor-version":[{"id":590,"href":"https:\/\/t-tech.az\/az\/wp-json\/wp\/v2\/pages\/157\/revisions\/590"}],"wp:attachment":[{"href":"https:\/\/t-tech.az\/az\/wp-json\/wp\/v2\/media?parent=157"}],"curies":[{"name":"wp","href":"https:\/\/api.w.org\/{rel}","templated":true}]}}