{"id":19,"date":"2022-11-01T15:58:22","date_gmt":"2022-11-01T15:58:22","guid":{"rendered":"http:\/\/t-tech.designgroup.az\/?page_id=19"},"modified":"2023-05-02T09:21:59","modified_gmt":"2023-05-02T09:21:59","slug":"projects","status":"publish","type":"page","link":"https:\/\/t-tech.az\/az\/projects\/","title":{"rendered":"Layih\u0259l\u0259r"},"content":{"rendered":"<div class=\"fusion-fullwidth fullwidth-box fusion-builder-row-1 fusion-flex-container has-pattern-background has-mask-background nonhundred-percent-fullwidth non-hundred-percent-height-scrolling\" style=\"background-color: rgba(255,255,255,0);background-position: center center;background-repeat: no-repeat;border-width: 0px 0px 0px 0px;border-color:var(--awb-color3);border-style:solid;\" ><div class=\"fusion-builder-row fusion-row fusion-flex-align-items-flex-start\" style=\"max-width:1560px;margin-left: calc(-4% \/ 2 );margin-right: calc(-4% \/ 2 );\"><div class=\"fusion-layout-column fusion_builder_column fusion-builder-column-0 fusion_builder_column_1_4 1_4 fusion-flex-column\"><div class=\"fusion-column-wrapper fusion-flex-justify-content-flex-start fusion-content-layout-column\" style=\"background-position:left top;background-repeat:no-repeat;-webkit-background-size:cover;-moz-background-size:cover;-o-background-size:cover;background-size:cover;padding: 0px 0px 0px 0px;\"><div style=\"text-align:center;\"><span class=\" fusion-imageframe imageframe-none imageframe-1 hover-type-none\" style=\"border:2px solid #e0e0e0;\"><img decoding=\"async\" width=\"280\" height=\"150\" src=\"https:\/\/t-tech.az\/wp-content\/uploads\/2022\/11\/New-Project-2022-11-17T122405.490.png\" alt class=\"img-responsive wp-image-384\" srcset=\"https:\/\/t-tech.az\/wp-content\/uploads\/2022\/11\/New-Project-2022-11-17T122405.490-200x107.png 200w, https:\/\/t-tech.az\/wp-content\/uploads\/2022\/11\/New-Project-2022-11-17T122405.490.png 280w\" sizes=\"(max-width: 640px) 100vw, 280px\" \/><\/span><\/div><div class=\"fusion-text fusion-text-1\" style=\"margin-top:15PX;\"><p style=\"text-align: center;\">ACCESS BANK QSC<\/p>\n<p style=\"text-align: center;\"><strong>T\u0259minat v\u0259 sazlama i\u015fl\u0259ri<\/strong><\/p>\n<p>Qlik Sense platformas\u0131n\u0131n t\u0259minat\u0131 v\u0259 sazlanmas\u0131 h\u0259ayata ke\u00e7irilmi\u015fdir. \u015eirk\u0259td\u0259ki h\u0259r bir profild\u0259ki istifad\u0259\u00e7il\u0259r \u00f6z hesabatlar\u0131n\u0131 haz\u0131rlama v\u0259 \u00e7ox b\u00f6y\u00fck veril\u0259nl\u0259r bazalar\u0131nda m\u0259lumatlara daxil olaraq m\u0259lumatlar\u0131n emal olunmas\u0131 t\u0259min edlmi\u015fdir.<\/p>\n<\/div><\/div><style type=\"text\/css\">.fusion-body .fusion-builder-column-0{width:25% !important;margin-top : 0px;margin-bottom : 20px;}.fusion-builder-column-0 > .fusion-column-wrapper {padding-top : 0px !important;padding-right : 0px !important;margin-right : 7.68%;padding-bottom : 0px !important;padding-left : 0px !important;margin-left : 7.68%;}@media only screen and (max-width:1024px) {.fusion-body .fusion-builder-column-0{width:25% !important;order : 0;}.fusion-builder-column-0 > .fusion-column-wrapper {margin-right : 7.68%;margin-left : 7.68%;}}@media only screen and (max-width:640px) {.fusion-body .fusion-builder-column-0{width:100% !important;order : 0;}.fusion-builder-column-0 > .fusion-column-wrapper {margin-right : 1.92%;margin-left : 1.92%;}}<\/style><\/div><div class=\"fusion-layout-column fusion_builder_column fusion-builder-column-1 fusion_builder_column_1_4 1_4 fusion-flex-column\"><div class=\"fusion-column-wrapper fusion-flex-justify-content-flex-start fusion-content-layout-column\" style=\"background-position:left top;background-repeat:no-repeat;-webkit-background-size:cover;-moz-background-size:cover;-o-background-size:cover;background-size:cover;padding: 0px 0px 0px 0px;\"><div style=\"text-align:center;\"><span class=\" fusion-imageframe imageframe-none imageframe-2 hover-type-none\" style=\"border:2px solid #e0e0e0;\"><img decoding=\"async\" width=\"280\" height=\"150\" src=\"https:\/\/t-tech.az\/wp-content\/uploads\/2022\/11\/New-Project-2022-11-17T121900.323.png\" alt class=\"img-responsive wp-image-380\" srcset=\"https:\/\/t-tech.az\/wp-content\/uploads\/2022\/11\/New-Project-2022-11-17T121900.323-200x107.png 200w, https:\/\/t-tech.az\/wp-content\/uploads\/2022\/11\/New-Project-2022-11-17T121900.323.png 280w\" sizes=\"(max-width: 640px) 100vw, 280px\" \/><\/span><\/div><div class=\"fusion-text fusion-text-2\" style=\"margin-top:15PX;\"><p style=\"text-align: center;\">LUKOIL AZERBAIJAN &#8211; OOSC<\/p>\n<p style=\"text-align: center;\"><strong>KNX giri\u015f\u0259 n\u0259zar\u0259t v\u0259 i\u015f\u0131qland\u0131rma sistemi<\/strong><\/p>\n<p>T\u0259\u015fkilat daxilind\u0259 i\u015f m\u00fchitinin \u00e7evikliyinin v\u0259 sisteml\u0259r\u0259 n\u0259zar\u0259tin avtomatla\u015fd\u0131r\u0131lmas\u0131 \u00fc\u00e7\u00fcn KNX giri\u015f\u0259 n\u0259zar\u0259t v\u0259 i\u015f\u0131qland\u0131rma sistemi avadanl\u0131qlar\u0131n\u0131n t\u0259chizat\u0131 v\u0259 qura\u015fd\u0131r\u0131lmas\u0131 h\u0259yata ke\u00e7irilmi\u015fdir<\/p>\n<\/div><\/div><style type=\"text\/css\">.fusion-body .fusion-builder-column-1{width:25% !important;margin-top : 0px;margin-bottom : 20px;}.fusion-builder-column-1 > .fusion-column-wrapper {padding-top : 0px !important;padding-right : 0px !important;margin-right : 7.68%;padding-bottom : 0px !important;padding-left : 0px !important;margin-left : 7.68%;}@media only screen and (max-width:1024px) {.fusion-body .fusion-builder-column-1{width:25% !important;order : 0;}.fusion-builder-column-1 > .fusion-column-wrapper {margin-right : 7.68%;margin-left : 7.68%;}}@media only screen and (max-width:640px) {.fusion-body .fusion-builder-column-1{width:100% !important;order : 0;}.fusion-builder-column-1 > .fusion-column-wrapper {margin-right : 1.92%;margin-left : 1.92%;}}<\/style><\/div><div class=\"fusion-layout-column fusion_builder_column fusion-builder-column-2 fusion_builder_column_1_4 1_4 fusion-flex-column\"><div class=\"fusion-column-wrapper fusion-flex-justify-content-flex-start fusion-content-layout-column\" style=\"background-position:left top;background-repeat:no-repeat;-webkit-background-size:cover;-moz-background-size:cover;-o-background-size:cover;background-size:cover;padding: 0px 0px 0px 0px;\"><div style=\"text-align:center;\"><span class=\" fusion-imageframe imageframe-none imageframe-3 hover-type-none\" style=\"border:2px solid #e0e0e0;\"><img decoding=\"async\" width=\"280\" height=\"150\" src=\"https:\/\/t-tech.az\/wp-content\/uploads\/2022\/11\/partnerslogo.png\" alt class=\"img-responsive wp-image-448\" srcset=\"https:\/\/t-tech.az\/wp-content\/uploads\/2022\/11\/partnerslogo-200x107.png 200w, https:\/\/t-tech.az\/wp-content\/uploads\/2022\/11\/partnerslogo.png 280w\" sizes=\"(max-width: 640px) 100vw, 280px\" \/><\/span><\/div><div class=\"fusion-text fusion-text-3\" style=\"margin-top:15PX;\"><p style=\"text-align: center;\">BAYIL BAY<\/p>\n<p style=\"text-align: center;\"><strong>KNX giri\u015f\u0259 n\u0259zar\u0259t v\u0259 i\u015f\u0131qland\u0131rma sistemi<\/strong><\/p>\n<p>T\u0259\u015fkilat daxilind\u0259 i\u015f m\u00fchitinin \u00e7evikliyinin v\u0259 sisteml\u0259r\u0259 n\u0259zar\u0259tin avtomatla\u015fd\u0131r\u0131lmas\u0131 \u00fc\u00e7\u00fcn KNX giri\u015f\u0259 n\u0259zar\u0259t v\u0259 i\u015f\u0131qland\u0131rma sistemi avadanl\u0131qlar\u0131n\u0131n t\u0259chizat\u0131 v\u0259 qura\u015fd\u0131r\u0131lmas\u0131 h\u0259yata ke\u00e7irilmi\u015fdir<\/p>\n<\/div><\/div><style type=\"text\/css\">.fusion-body .fusion-builder-column-2{width:25% !important;margin-top : 0px;margin-bottom : 20px;}.fusion-builder-column-2 > .fusion-column-wrapper {padding-top : 0px !important;padding-right : 0px !important;margin-right : 7.68%;padding-bottom : 0px !important;padding-left : 0px !important;margin-left : 7.68%;}@media only screen and (max-width:1024px) {.fusion-body .fusion-builder-column-2{width:25% !important;order : 0;}.fusion-builder-column-2 > .fusion-column-wrapper {margin-right : 7.68%;margin-left : 7.68%;}}@media only screen and (max-width:640px) {.fusion-body .fusion-builder-column-2{width:100% !important;order : 0;}.fusion-builder-column-2 > .fusion-column-wrapper {margin-right : 1.92%;margin-left : 1.92%;}}<\/style><\/div><div class=\"fusion-layout-column fusion_builder_column fusion-builder-column-3 fusion_builder_column_1_4 1_4 fusion-flex-column\"><div class=\"fusion-column-wrapper fusion-flex-justify-content-flex-start fusion-content-layout-column\" style=\"background-position:left top;background-repeat:no-repeat;-webkit-background-size:cover;-moz-background-size:cover;-o-background-size:cover;background-size:cover;padding: 0px 0px 0px 0px;\"><div style=\"text-align:center;\"><span class=\" fusion-imageframe imageframe-none imageframe-4 hover-type-none\" style=\"border:2px solid #e0e0e0;\"><img decoding=\"async\" width=\"280\" height=\"150\" src=\"https:\/\/t-tech.az\/wp-content\/uploads\/2022\/11\/partnerslogo-1.png\" alt class=\"img-responsive wp-image-452\" srcset=\"https:\/\/t-tech.az\/wp-content\/uploads\/2022\/11\/partnerslogo-1-200x107.png 200w, https:\/\/t-tech.az\/wp-content\/uploads\/2022\/11\/partnerslogo-1.png 280w\" sizes=\"(max-width: 640px) 100vw, 280px\" \/><\/span><\/div><div class=\"fusion-text fusion-text-4\" style=\"margin-top:15PX;\"><p style=\"text-align: center;\">NEW MEDIA MMC<\/p>\n<p style=\"text-align: center;\"><strong>IT X\u0130DM\u018fTL\u018fR<\/strong><\/p>\n<p style=\"text-align: left;\">\u0130\u015f m\u00fchitinin t\u0259kmill\u0259\u015fdirilm\u0259si \u00fc\u00e7\u00fcn kompyuter avadanl\u0131qlar\u0131n t\u0259chizat\u0131 h\u0259yata ke\u00e7irilmi\u015fdir<\/p>\n<\/div><\/div><style type=\"text\/css\">.fusion-body .fusion-builder-column-3{width:25% !important;margin-top : 0px;margin-bottom : 20px;}.fusion-builder-column-3 > .fusion-column-wrapper {padding-top : 0px !important;padding-right : 0px !important;margin-right : 7.68%;padding-bottom : 0px !important;padding-left : 0px !important;margin-left : 7.68%;}@media only screen and (max-width:1024px) {.fusion-body .fusion-builder-column-3{width:25% !important;order : 0;}.fusion-builder-column-3 > .fusion-column-wrapper {margin-right : 7.68%;margin-left : 7.68%;}}@media only screen and (max-width:640px) {.fusion-body .fusion-builder-column-3{width:100% !important;order : 0;}.fusion-builder-column-3 > .fusion-column-wrapper {margin-right : 1.92%;margin-left : 1.92%;}}<\/style><\/div><\/div><style type=\"text\/css\">.fusion-body .fusion-flex-container.fusion-builder-row-1{ padding-top : 0px;margin-top : 0px;padding-right : 0px;padding-bottom : 0px;margin-bottom : 0px;padding-left : 0px;}<\/style><\/div>\n","protected":false},"excerpt":{"rendered":"","protected":false},"author":1,"featured_media":0,"parent":0,"menu_order":0,"comment_status":"closed","ping_status":"closed","template":"100-width.php","meta":{"footnotes":""},"class_list":["post-19","page","type-page","status-publish","hentry"],"_links":{"self":[{"href":"https:\/\/t-tech.az\/az\/wp-json\/wp\/v2\/pages\/19","targetHints":{"allow":["GET"]}}],"collection":[{"href":"https:\/\/t-tech.az\/az\/wp-json\/wp\/v2\/pages"}],"about":[{"href":"https:\/\/t-tech.az\/az\/wp-json\/wp\/v2\/types\/page"}],"author":[{"embeddable":true,"href":"https:\/\/t-tech.az\/az\/wp-json\/wp\/v2\/users\/1"}],"replies":[{"embeddable":true,"href":"https:\/\/t-tech.az\/az\/wp-json\/wp\/v2\/comments?post=19"}],"version-history":[{"count":58,"href":"https:\/\/t-tech.az\/az\/wp-json\/wp\/v2\/pages\/19\/revisions"}],"predecessor-version":[{"id":609,"href":"https:\/\/t-tech.az\/az\/wp-json\/wp\/v2\/pages\/19\/revisions\/609"}],"wp:attachment":[{"href":"https:\/\/t-tech.az\/az\/wp-json\/wp\/v2\/media?parent=19"}],"curies":[{"name":"wp","href":"https:\/\/api.w.org\/{rel}","templated":true}]}}